{"id":3,"date":"2022-04-22T07:38:45","date_gmt":"2022-04-22T07:38:45","guid":{"rendered":"https:\/\/www.saildreams.pt\/pt\/?page_id=3"},"modified":"2023-01-16T14:38:55","modified_gmt":"2023-01-16T14:38:55","slug":"privacy-policy","status":"publish","type":"page","link":"https:\/\/www.saildreams.pt\/pt\/privacy-policy\/","title":{"rendered":"Politica de Privacidade"},"content":{"rendered":"\n<p class=\"has-text-align-center\">(Portuguese)<\/p>\n\n\n\n<p>A ATLANTICONJUGATION &#8211; UNIP LDA&nbsp;(doravante ATLANTICONJUGATION) \u00e9 a empresa titular do dom\u00ednio www.saildreams.pt e o tratamento dos dados pessoais por parte da ATLANTICONJUGATION&nbsp;no website www.saildreams.pt est\u00e1 conforme ao Regulamento Geral de Protec\u00e7\u00e3o de Dados em vigor desde o dia 25 de Maio de 2018, que veio substituir a Directiva e Lei de Protec\u00e7\u00e3o de Dados Pessoais at\u00e9 a\u00ed existente.<\/p>\n\n\n\n<p><strong>RECOLHA E TRATAMENTO DE DADOS PESSOAIS<\/strong><\/p>\n\n\n\n<p>Os dados pessoais recolhidos pela ATLANTICONJUGATION&nbsp;atrav\u00e9s do site&nbsp; www.saildreams.pt, s\u00e3o distintos entre si consoante a finalidade a que se destinem, e s\u00e3o tratados da seguinte forma:<\/p>\n\n\n\n<p><strong>FORMUL\u00c1RIO DE CONTACTO<\/strong><\/p>\n\n\n\n<p><strong>Dados recolhidos:<\/strong>&nbsp;Nome, email, telefone.<br><strong>Tratamento:<\/strong>&nbsp;Os dados do formul\u00e1rio de contacto ser\u00e3o automaticamente processados pela software WordPress, s\u00e3o recebidos atrav\u00e9s de email e tratados manualmente pelos servi\u00e7os administrativos da ATLANTICONJUGATION.<br><strong>Consentimento:<\/strong>&nbsp;Ao colocar os seus dados nos campos antes mencionados, o utilizador est\u00e1 a consentir que os dados enviados sejam utilizados em conformidade com os termos acima indicados.<\/p>\n\n\n\n<p><strong>FORMUL\u00c1RIOS DE PEDIDO DE INFORMA\u00c7\u00d5ES<\/strong><\/p>\n\n\n\n<p><strong>Dados recolhidos:<\/strong>&nbsp;Nome, email.<br><strong>Tratamento:<\/strong>&nbsp;Os dados do formul\u00e1rio de pedido de informa\u00e7\u00f5es para eventos s\u00e3o automaticamente processados pelo software WordPress.<br><strong>Consentimento:<\/strong>&nbsp;Ao colocar os seus dados nos campos antes mencionados, o utilizador est\u00e1 a consentir que os dados enviados sejam utilizados para efeitos de encomenda de um produto espec\u00edfico, em conformidade com os termos acima indicados, n\u00e3o sendo os dados inseridos em nenhuma outra base de dados sem que o titular dos dados manifeste expressamente esse consentimento.<\/p>\n\n\n\n<p><strong>EXCLUS\u00c3O, ALTERA\u00c7\u00c3O E TRANSFER\u00caNCIA DE DADOS PESSOAIS<\/strong><br>Os pedidos de exclus\u00e3o e altera\u00e7\u00e3o dos dados pessoais podem ser realizados atrav\u00e9s do email info@saildreams.pt ou directamente na sua sede.<\/p>\n\n\n\n<p><strong>VIOLA\u00c7\u00c3O DE PRIVACIDADE<\/strong><br>Nos termos do artigo 34.\u00ba do RGPD, a ATLANTICONJUGATION&nbsp;comunicar\u00e1 de forma c\u00e9lere quando ocorra viola\u00e7\u00e3o de dados pessoais, sempre que esta seja suscept\u00edvel de implicar risco para os direitos, liberdades e garantias do titular de dados.<\/p>\n\n\n\n<p><strong>CONSERVA\u00c7\u00c3O DOS DADOS<\/strong><br>Os dados pessoais recolhidos ser\u00e3o conservados durante a exist\u00eancia da ATLANTICONJUGATION, em conformidade com os prazos legais, a menos que a sua altera\u00e7\u00e3o ou exclus\u00e3o lhe seja solicitada.<\/p>\n","protected":false},"excerpt":{"rendered":"<p>(Portuguese) A ATLANTICONJUGATION &#8211; UNIP LDA&nbsp;(doravante ATLANTICONJUGATION) \u00e9 a empresa titular do dom\u00ednio www.saildreams.pt e o tratamento dos dados pessoais por parte da ATLANTICONJUGATION&nbsp;no website www.saildreams.pt est\u00e1 conforme ao Regulamento Geral de Protec\u00e7\u00e3o de Dados em vigor desde o dia 25 de Maio de 2018, que veio substituir a Directiva e Lei de Protec\u00e7\u00e3o de [&hellip;]<\/p>\n","protected":false},"author":1,"featured_media":0,"parent":0,"menu_order":0,"comment_status":"closed","ping_status":"open","template":"","meta":{"_coblocks_attr":"","_coblocks_dimensions":"","_coblocks_responsive_height":"","_coblocks_accordion_ie_support":"","hide_page_title":"","footnotes":""},"class_list":["post-3","page","type-page","status-publish","hentry"],"_links":{"self":[{"href":"https:\/\/www.saildreams.pt\/pt\/wp-json\/wp\/v2\/pages\/3","targetHints":{"allow":["GET"]}}],"collection":[{"href":"https:\/\/www.saildreams.pt\/pt\/wp-json\/wp\/v2\/pages"}],"about":[{"href":"https:\/\/www.saildreams.pt\/pt\/wp-json\/wp\/v2\/types\/page"}],"author":[{"embeddable":true,"href":"https:\/\/www.saildreams.pt\/pt\/wp-json\/wp\/v2\/users\/1"}],"replies":[{"embeddable":true,"href":"https:\/\/www.saildreams.pt\/pt\/wp-json\/wp\/v2\/comments?post=3"}],"version-history":[{"count":3,"href":"https:\/\/www.saildreams.pt\/pt\/wp-json\/wp\/v2\/pages\/3\/revisions"}],"predecessor-version":[{"id":213,"href":"https:\/\/www.saildreams.pt\/pt\/wp-json\/wp\/v2\/pages\/3\/revisions\/213"}],"wp:attachment":[{"href":"https:\/\/www.saildreams.pt\/pt\/wp-json\/wp\/v2\/media?parent=3"}],"curies":[{"name":"wp","href":"https:\/\/api.w.org\/{rel}","templated":true}]}}